{"id":35,"date":"2025-09-02T16:43:27","date_gmt":"2025-09-02T14:43:27","guid":{"rendered":"https:\/\/synap-sys.fr\/?page_id=35"},"modified":"2025-10-08T22:22:09","modified_gmt":"2025-10-08T20:22:09","slug":"nos-services","status":"publish","type":"page","link":"https:\/\/synap-sys.fr\/en\/nos-services\/","title":{"rendered":"Services"},"content":{"rendered":"<h4 class=\"wp-block-heading\">Comprehensive expertise for all your IT challenges<\/h4>\n\n\n\n<hr class=\"wp-block-separator has-text-color has-base-3-color has-alpha-channel-opacity has-base-3-background-color has-background\"\/>\n\n\n\n<details class=\"wp-block-details\"><summary><mark style=\"background-color:rgba(0, 0, 0, 0);color:#f4a261\" class=\"has-inline-color is-layout-flow wp-block-details-is-layout-flow\">Service 1: Consulting, Infrastructure &amp; Networks<\/mark><\/summary>\n<p style=\"font-size:14px\">From design to maintenance, we build the robust and secure infrastructure your business needs.<\/p>\n\n\n\n<ul class=\"wp-block-list\">\n<li style=\"font-size:14px\">Audit<\/li>\n\n\n\n<li style=\"font-size:14px\">architectural design<\/li>\n\n\n\n<li style=\"font-size:14px\">server\/network equipment installation<\/li>\n\n\n\n<li style=\"font-size:14px\">wiring<\/li>\n\n\n\n<li style=\"font-size:14px\">preventive and corrective maintenance.<\/li>\n<\/ul>\n<\/details>\n\n\n\n<hr class=\"wp-block-separator has-text-color has-base-3-color has-alpha-channel-opacity has-base-3-background-color has-background\"\/>\n\n\n\n<details class=\"wp-block-details\"><summary><mark style=\"background-color:rgba(0, 0, 0, 0);color:#f4a261\" class=\"has-inline-color is-layout-flow wp-block-details-is-layout-flow\">Service 2: Outsourcing &amp; Cloud<\/mark><\/summary>\n<p style=\"font-size:14px\">Outsource the management of your IT infrastructure and gain peace of mind. We'll take care of everything for you.<\/p>\n\n\n\n<ul class=\"wp-block-list\">\n<li style=\"font-size:14px\">24\/7 Administration and Monitoring<\/li>\n\n\n\n<li style=\"font-size:14px\">cloud services (Microsoft 365, Google Workspace, etc.)<\/li>\n\n\n\n<li style=\"font-size:14px\">secure hosting<\/li>\n\n\n\n<li style=\"font-size:14px\">outsourced backups<\/li>\n<\/ul>\n<\/details>\n\n\n\n<hr class=\"wp-block-separator has-text-color has-base-3-color has-alpha-channel-opacity has-base-3-background-color has-background is-style-wide\"\/>\n\n\n\n<details class=\"wp-block-details\"><summary><mark style=\"background-color:rgba(0, 0, 0, 0);color:#f4a261\" class=\"has-inline-color is-layout-flow wp-block-details-is-layout-flow\">Service 3: Optimization &amp; Consulting<\/mark><\/summary>\n<p style=\"font-size:14px\">Improve your performance through a continuous improvement approach and expertise from the industrial sector.<\/p>\n\n\n\n<ul class=\"wp-block-list\">\n<li style=\"font-size:14px\">Kaizen methodology applied to your IT and organizational processes<\/li>\n\n\n\n<li style=\"font-size:14px\">Consulting in the design and optimization of technical environments and analysis laboratories<\/li>\n\n\n\n<li style=\"font-size:14px\">Streamlining workflows and reducing operational costs<\/li>\n<\/ul>\n<\/details>\n\n\n\n<hr class=\"wp-block-separator has-text-color has-base-3-color has-alpha-channel-opacity has-base-3-background-color has-background is-style-wide\"\/>\n\n\n\n<details class=\"wp-block-details\"><summary><mark style=\"background-color:rgba(0, 0, 0, 0);color:#f4a261\" class=\"has-inline-color is-layout-flow wp-block-details-is-layout-flow\">Service 4: Technical Support<\/mark><\/summary>\n<p style=\"font-size:14px\">Benefit from responsive support tailored to your needs.<\/p>\n\n\n\n<ul class=\"wp-block-list\">\n<li style=\"font-size:14px\">Remote or on-site technical support<\/li>\n\n\n\n<li style=\"font-size:14px\">Phone\/email support.<\/li>\n<\/ul>\n<\/details>\n\n\n\n<hr class=\"wp-block-separator has-text-color has-base-3-color has-alpha-channel-opacity has-base-3-background-color has-background is-style-wide\"\/>\n\n\n\n<p>Your needs are unique. Let's talk! <a href=\"https:\/\/synap-sys.fr\/en\/contact\/\" data-type=\"page\" data-id=\"32\">Contact us<\/a> for a personalized quote.<\/p>","protected":false},"excerpt":{"rendered":"<p>Des expertises compl\u00e8tes pour tous vos d\u00e9fis informatiques Vos besoins sont uniques. Parlons-en ! Contactez-nous pour un devis personnalis\u00e9.<\/p>","protected":false},"author":1,"featured_media":0,"parent":0,"menu_order":0,"comment_status":"closed","ping_status":"closed","template":"","meta":{"footnotes":""},"class_list":["post-35","page","type-page","status-publish"],"_links":{"self":[{"href":"https:\/\/synap-sys.fr\/en\/wp-json\/wp\/v2\/pages\/35","targetHints":{"allow":["GET"]}}],"collection":[{"href":"https:\/\/synap-sys.fr\/en\/wp-json\/wp\/v2\/pages"}],"about":[{"href":"https:\/\/synap-sys.fr\/en\/wp-json\/wp\/v2\/types\/page"}],"author":[{"embeddable":true,"href":"https:\/\/synap-sys.fr\/en\/wp-json\/wp\/v2\/users\/1"}],"replies":[{"embeddable":true,"href":"https:\/\/synap-sys.fr\/en\/wp-json\/wp\/v2\/comments?post=35"}],"version-history":[{"count":24,"href":"https:\/\/synap-sys.fr\/en\/wp-json\/wp\/v2\/pages\/35\/revisions"}],"predecessor-version":[{"id":382,"href":"https:\/\/synap-sys.fr\/en\/wp-json\/wp\/v2\/pages\/35\/revisions\/382"}],"wp:attachment":[{"href":"https:\/\/synap-sys.fr\/en\/wp-json\/wp\/v2\/media?parent=35"}],"curies":[{"name":"wp","href":"https:\/\/api.w.org\/{rel}","templated":true}]}}