{"id":184,"date":"2025-10-05T07:06:38","date_gmt":"2025-10-05T05:06:38","guid":{"rendered":"https:\/\/synap-sys.fr\/?page_id=184"},"modified":"2025-10-06T18:03:40","modified_gmt":"2025-10-06T16:03:40","slug":"fondateur","status":"publish","type":"page","link":"https:\/\/synap-sys.fr\/en\/fondateur\/","title":{"rendered":"Founder"},"content":{"rendered":"<h6 class=\"wp-block-heading\"><strong><mark style=\"background-color:rgba(0, 0, 0, 0);color:#f4a261\" class=\"has-inline-color\">Who am I?<\/mark><\/strong><\/h6>\n\n\n\n<p style=\"font-size:14px\">With over 15 years of experience in the chemical industry, I have developed unique expertise in scientific rigor, analysis, and continuous improvement. I have contributed to the quality control of raw materials and finished products, combining technical expertise and sensory sensitivity, while leading optimization projects and applying Kaizen and 3S methods.<\/p>\n\n\n\n<h6 class=\"wp-block-heading\"><strong><strong><mark style=\"background-color:rgba(0, 0, 0, 0);color:#f4a261\" class=\"has-inline-color\">My vision<\/mark><\/strong><\/strong><\/h6>\n\n\n\n<p style=\"font-size:14px\">Today, with <strong>Synap-Sys<\/strong>, I put this multidisciplinary experience at the service of companies to simplify, secure and optimize their IT infrastructures. My objective is to bring a rigorous, methodical and personalized approach, where technology becomes a real lever of performance and serenity for customers.<\/p>\n\n\n\n<h6 class=\"wp-block-heading\"><strong><strong><mark style=\"background-color:rgba(0, 0, 0, 0);color:#f4a261\" class=\"has-inline-color\">My approach<\/mark><\/strong><\/strong><\/h6>\n\n\n\n<p style=\"font-size:14px\">I believe in a winning combination: <strong>technicality, organization and continuous improvement<\/strong>Every project is handled with precision, whether it is 24\/7 system monitoring, outsourcing, or cloud. I strive to transform complex processes into simple, reliable, and efficient solutions.<\/p>\n\n\n\n<h6 class=\"wp-block-heading\"><strong><mark style=\"background-color:rgba(0, 0, 0, 0);color:#f4a261\" class=\"has-inline-color\">My values<\/mark><\/strong><\/h6>\n\n\n\n<ul class=\"wp-block-list\">\n<li style=\"font-size:14px\">Rigor and professionalism<\/li>\n\n\n\n<li style=\"font-size:14px\">Proximity and listening to the customer<\/li>\n\n\n\n<li style=\"font-size:14px\">Innovation and continuous improvement<\/li>\n<\/ul>\n\n\n\n<h6 class=\"wp-block-heading\"><strong><mark style=\"background-color:rgba(0, 0, 0, 0);color:#f4a261\" class=\"has-inline-color\">Fun fact<\/mark><\/strong><\/h6>\n\n\n\n<p style=\"font-size:14px\">Passionate about science and technology since I was born, I like to combine my industrial and analytical skills with the IT world to create unique and efficient solutions.<\/p>","protected":false},"excerpt":{"rendered":"<p>Qui suis-je ? Avec plus de 15 ans d\u2019exp\u00e9rience dans l\u2019industrie chimique, j\u2019ai d\u00e9velopp\u00e9 une expertise unique en rigueur scientifique, analyse et am\u00e9lioration continue. J\u2019ai contribu\u00e9 au contr\u00f4le qualit\u00e9 de mati\u00e8res premi\u00e8res et produits finis, en combinant expertise technique et sensibilit\u00e9 sensorielle, tout en menant des projets d\u2019optimisation et en appliquant les m\u00e9thodes Kaizen et &#8230; <a title=\"Founder\" class=\"read-more\" href=\"https:\/\/synap-sys.fr\/en\/fondateur\/\" aria-label=\"Read more about Fondateur\">Read more<\/a><\/p>","protected":false},"author":1,"featured_media":0,"parent":0,"menu_order":0,"comment_status":"closed","ping_status":"closed","template":"","meta":{"footnotes":""},"class_list":["post-184","page","type-page","status-publish"],"_links":{"self":[{"href":"https:\/\/synap-sys.fr\/en\/wp-json\/wp\/v2\/pages\/184","targetHints":{"allow":["GET"]}}],"collection":[{"href":"https:\/\/synap-sys.fr\/en\/wp-json\/wp\/v2\/pages"}],"about":[{"href":"https:\/\/synap-sys.fr\/en\/wp-json\/wp\/v2\/types\/page"}],"author":[{"embeddable":true,"href":"https:\/\/synap-sys.fr\/en\/wp-json\/wp\/v2\/users\/1"}],"replies":[{"embeddable":true,"href":"https:\/\/synap-sys.fr\/en\/wp-json\/wp\/v2\/comments?post=184"}],"version-history":[{"count":8,"href":"https:\/\/synap-sys.fr\/en\/wp-json\/wp\/v2\/pages\/184\/revisions"}],"predecessor-version":[{"id":336,"href":"https:\/\/synap-sys.fr\/en\/wp-json\/wp\/v2\/pages\/184\/revisions\/336"}],"wp:attachment":[{"href":"https:\/\/synap-sys.fr\/en\/wp-json\/wp\/v2\/media?parent=184"}],"curies":[{"name":"wp","href":"https:\/\/api.w.org\/{rel}","templated":true}]}}