{"id":12,"date":"2025-09-02T15:07:27","date_gmt":"2025-09-02T13:07:27","guid":{"rendered":"https:\/\/synap-sys.fr\/?page_id=12"},"modified":"2025-10-06T20:10:28","modified_gmt":"2025-10-06T18:10:28","slug":"12-2","status":"publish","type":"page","link":"https:\/\/synap-sys.fr\/en\/","title":{"rendered":"Home"},"content":{"rendered":"<p style=\"font-size:16px\"><strong><mark style=\"background-color:rgba(0, 0, 0, 0);color:#f4a261\" class=\"has-inline-color\">synap-sys<\/mark><\/strong> supports companies in their digital transformation. From audit to maintenance, we manage your entire information system so you can focus on your core business.<\/p>\n\n\n\n<div style=\"height:43px\" aria-hidden=\"true\" class=\"wp-block-spacer\"><\/div>\n\n\n\n<div class=\"wp-block-media-text is-stacked-on-mobile\"><figure class=\"wp-block-media-text__media\"><img loading=\"lazy\" decoding=\"async\" width=\"800\" height=\"533\" src=\"https:\/\/synap-sys.fr\/wp-content\/uploads\/2025\/09\/infogerance.png.webp\" alt=\"\" class=\"wp-image-138 size-full\" srcset=\"https:\/\/synap-sys.fr\/wp-content\/uploads\/2025\/09\/infogerance.png.webp 800w, https:\/\/synap-sys.fr\/wp-content\/uploads\/2025\/09\/infogerance.png-300x200.webp 300w, https:\/\/synap-sys.fr\/wp-content\/uploads\/2025\/09\/infogerance.png-768x512.webp 768w\" sizes=\"auto, (max-width: 800px) 100vw, 800px\" \/><\/figure><div class=\"wp-block-media-text__content\">\n<p style=\"font-size:14px\"><mark style=\"background-color:rgba(0, 0, 0, 0);color:#f4a261\" class=\"has-inline-color\"><strong>Audit<\/strong> <\/mark>\u2013 Analyze the existing situation to identify strengths, weaknesses and areas for improvement.<\/p>\n\n\n\n<div style=\"height:2px\" aria-hidden=\"true\" class=\"wp-block-spacer\"><\/div>\n\n\n\n<p style=\"font-size:14px\"><mark style=\"background-color:rgba(0, 0, 0, 0);color:#f4a261\" class=\"has-inline-color\"><strong>Consulting<\/strong> <\/mark>\u2013 Support your technological choices for suitable and sustainable solutions.<\/p>\n\n\n\n<div style=\"height:2px\" aria-hidden=\"true\" class=\"wp-block-spacer\"><\/div>\n\n\n\n<p style=\"font-size:14px\"><mark style=\"background-color:rgba(0, 0, 0, 0);color:#f4a261\" class=\"has-inline-color\"><strong>Management<\/strong> <\/mark>\u2013 Administer and optimize your infrastructure for greater efficiency.<\/p>\n\n\n\n<div style=\"height:2px\" aria-hidden=\"true\" class=\"wp-block-spacer\"><\/div>\n\n\n\n<p style=\"font-size:14px\"><mark style=\"background-color:rgba(0, 0, 0, 0);color:#f4a261\" class=\"has-inline-color\"><strong>Maintenance<\/strong> <\/mark>\u2013 Ensure the proper functioning and continuity of your IT systems<\/p>\n<\/div><\/div>","protected":false},"excerpt":{"rendered":"<p>synap-sys accompagne les entreprises dans leur transformation digitale. De l&rsquo;audit \u00e0 la maintenance, nous g\u00e9rons l&rsquo;int\u00e9gralit\u00e9 de votre syst\u00e8me d&rsquo;information pour que vous puissiez vous concentrer sur votre c\u0153ur de m\u00e9tier.<\/p>","protected":false},"author":1,"featured_media":0,"parent":0,"menu_order":0,"comment_status":"closed","ping_status":"closed","template":"","meta":{"footnotes":""},"class_list":["post-12","page","type-page","status-publish"],"_links":{"self":[{"href":"https:\/\/synap-sys.fr\/en\/wp-json\/wp\/v2\/pages\/12","targetHints":{"allow":["GET"]}}],"collection":[{"href":"https:\/\/synap-sys.fr\/en\/wp-json\/wp\/v2\/pages"}],"about":[{"href":"https:\/\/synap-sys.fr\/en\/wp-json\/wp\/v2\/types\/page"}],"author":[{"embeddable":true,"href":"https:\/\/synap-sys.fr\/en\/wp-json\/wp\/v2\/users\/1"}],"replies":[{"embeddable":true,"href":"https:\/\/synap-sys.fr\/en\/wp-json\/wp\/v2\/comments?post=12"}],"version-history":[{"count":36,"href":"https:\/\/synap-sys.fr\/en\/wp-json\/wp\/v2\/pages\/12\/revisions"}],"predecessor-version":[{"id":368,"href":"https:\/\/synap-sys.fr\/en\/wp-json\/wp\/v2\/pages\/12\/revisions\/368"}],"wp:attachment":[{"href":"https:\/\/synap-sys.fr\/en\/wp-json\/wp\/v2\/media?parent=12"}],"curies":[{"name":"wp","href":"https:\/\/api.w.org\/{rel}","templated":true}]}}